{"id":17,"date":"2024-02-14T15:25:20","date_gmt":"2024-02-14T15:25:20","guid":{"rendered":"https:\/\/wehrgmbh.de\/?page_id=17"},"modified":"2025-07-31T14:45:27","modified_gmt":"2025-07-31T14:45:27","slug":"startseite","status":"publish","type":"page","link":"https:\/\/wehrgmbh.de\/","title":{"rendered":"Startseite"},"content":{"rendered":"<p>[et_pb_section fb_built=&#8220;1&#8243; _builder_version=&#8220;4.24.0&#8243; _module_preset=&#8220;default&#8220; background_image=&#8220;https:\/\/wehrgmbh.de\/wp-content\/uploads\/2024\/01\/image_header_m1.jpg&#8220; module_alignment=&#8220;center&#8220; min_height=&#8220;500px&#8220; min_height_tablet=&#8220;340px&#8220; min_height_phone=&#8220;340px&#8220; min_height_last_edited=&#8220;on|phone&#8220; global_colors_info=&#8220;{}&#8220;][et_pb_row _builder_version=&#8220;4.24.0&#8243; _module_preset=&#8220;default&#8220; global_colors_info=&#8220;{}&#8220;][et_pb_column type=&#8220;4_4&#8243; _builder_version=&#8220;4.24.0&#8243; _module_preset=&#8220;default&#8220; global_colors_info=&#8220;{}&#8220;][et_pb_text _builder_version=&#8220;4.24.0&#8243; _module_preset=&#8220;default&#8220; header_text_color=&#8220;#FFFFFF&#8220; header_font_size=&#8220;60px&#8220; header_line_height=&#8220;1.6em&#8220; header_font_size_tablet=&#8220;46px&#8220; header_font_size_phone=&#8220;24px&#8220; header_font_size_last_edited=&#8220;on|phone&#8220; global_colors_info=&#8220;{}&#8220;]<\/p>\n<h1 style=\"text-align: center;\">Wir transportieren ihr Vieh.<\/h1>\n<h1 style=\"text-align: center;\">Zuverl\u00e4ssig und artgerecht.<\/h1>\n<p>[\/et_pb_text][\/et_pb_column][\/et_pb_row][\/et_pb_section][et_pb_section fb_built=&#8220;1&#8243; _builder_version=&#8220;4.24.0&#8243; _module_preset=&#8220;default&#8220; background_color=&#8220;#FFFFFF&#8220; custom_padding=&#8220;0px||0px||false|false&#8220; global_colors_info=&#8220;{}&#8220;][et_pb_row column_structure=&#8220;1_5,1_5,1_5,1_5,1_5&#8243; disabled_on=&#8220;on|on|off&#8220; _builder_version=&#8220;4.27.4&#8243; _module_preset=&#8220;default&#8220; custom_padding=&#8220;||27px|||&#8220; hover_enabled=&#8220;0&#8243; global_colors_info=&#8220;{}&#8220; sticky_enabled=&#8220;0&#8243;][et_pb_column type=&#8220;1_5&#8243; _builder_version=&#8220;4.24.0&#8243; _module_preset=&#8220;default&#8220; link_option_url=&#8220;#nutzvieh&#8220; global_colors_info=&#8220;{}&#8220;][et_pb_image src=&#8220;https:\/\/wehrgmbh.de\/wp-content\/uploads\/2024\/02\/image_navi_120px-2024-nutzvieh-b.jpg&#8220; title_text=&#8220;image_navi_120px-2024-nutzvieh-a&#8220; _builder_version=&#8220;4.24.0&#8243; _module_preset=&#8220;535bc379-d7af-4000-a048-5b0deb0f695d&#8220; global_colors_info=&#8220;{}&#8220; src__hover_enabled=&#8220;on|hover&#8220; src__hover=&#8220;https:\/\/wehrgmbh.de\/wp-content\/uploads\/2024\/02\/image_navi_120px-2024-nutzvieh-a.jpg&#8220;][\/et_pb_image][et_pb_text _builder_version=&#8220;4.24.0&#8243; _module_preset=&#8220;01757406-c1d7-4578-aae3-89572954e97a&#8220; global_colors_info=&#8220;{}&#8220;]<\/p>\n<p>Nutz- und Zuchtvieh<\/p>\n<p>[\/et_pb_text][\/et_pb_column][et_pb_column type=&#8220;1_5&#8243; _builder_version=&#8220;4.27.4&#8243; _module_preset=&#8220;default&#8220; link_option_url=&#8220;#schlachtvieh&#8220; hover_enabled=&#8220;0&#8243; global_colors_info=&#8220;{}&#8220; sticky_enabled=&#8220;0&#8243;][et_pb_image src=&#8220;https:\/\/wehrgmbh.de\/wp-content\/uploads\/2024\/02\/image_navi_120px-2024-m3b.jpg&#8220; title_text=&#8220;image_navi_120px-2024-m3a&#8220; url=&#8220;https:\/\/wehrgmbh.de\/#schlachtvieh&#8220; _builder_version=&#8220;4.24.0&#8243; _module_preset=&#8220;535bc379-d7af-4000-a048-5b0deb0f695d&#8220; global_colors_info=&#8220;{}&#8220; src__hover_enabled=&#8220;on|hover&#8220; src__hover=&#8220;https:\/\/wehrgmbh.de\/wp-content\/uploads\/2024\/02\/image_navi_120px-2024-m3a.jpg&#8220;][\/et_pb_image][et_pb_text _builder_version=&#8220;4.24.0&#8243; _module_preset=&#8220;01757406-c1d7-4578-aae3-89572954e97a&#8220; global_colors_info=&#8220;{}&#8220;]<\/p>\n<p>Schlachtvieh<\/p>\n<p>[\/et_pb_text][\/et_pb_column][et_pb_column type=&#8220;1_5&#8243; _builder_version=&#8220;4.27.4&#8243; _module_preset=&#8220;default&#8220; link_option_url=&#8220;#angebote&#8220; global_colors_info=&#8220;{}&#8220;][et_pb_image src=&#8220;https:\/\/wehrgmbh.de\/wp-content\/uploads\/2024\/02\/image_navi_120px-2024-m1b.jpg&#8220; title_text=&#8220;image_navi_120px-2024-m1a&#8220; _builder_version=&#8220;4.24.0&#8243; _module_preset=&#8220;535bc379-d7af-4000-a048-5b0deb0f695d&#8220; global_colors_info=&#8220;{}&#8220; src__hover_enabled=&#8220;on|hover&#8220; src__hover=&#8220;https:\/\/wehrgmbh.de\/wp-content\/uploads\/2024\/02\/image_navi_120px-2024-m1a.jpg&#8220;][\/et_pb_image][et_pb_text _builder_version=&#8220;4.24.0&#8243; _module_preset=&#8220;01757406-c1d7-4578-aae3-89572954e97a&#8220; global_colors_info=&#8220;{}&#8220;]<\/p>\n<p>Angebote<\/p>\n<p>[\/et_pb_text][\/et_pb_column][et_pb_column type=&#8220;1_5&#8243; _builder_version=&#8220;4.24.0&#8243; _module_preset=&#8220;default&#8220; link_option_url=&#8220;#aktuelles&#8220; hover_enabled=&#8220;0&#8243; global_colors_info=&#8220;{}&#8220; sticky_enabled=&#8220;0&#8243;][et_pb_image src=&#8220;https:\/\/wehrgmbh.de\/wp-content\/uploads\/2024\/02\/image_navi_120px-2024-aktuell-b.jpg&#8220; title_text=&#8220;image_navi_120px-2024-aktuell-a&#8220; _builder_version=&#8220;4.24.0&#8243; _module_preset=&#8220;535bc379-d7af-4000-a048-5b0deb0f695d&#8220; global_colors_info=&#8220;{}&#8220; src__hover_enabled=&#8220;on|hover&#8220; src__hover=&#8220;https:\/\/wehrgmbh.de\/wp-content\/uploads\/2024\/02\/image_navi_120px-2024-aktuell-a.jpg&#8220;][\/et_pb_image][et_pb_text _builder_version=&#8220;4.24.0&#8243; _module_preset=&#8220;01757406-c1d7-4578-aae3-89572954e97a&#8220; global_colors_info=&#8220;{}&#8220;]<\/p>\n<p>Aktuelles<\/p>\n<p>[\/et_pb_text][\/et_pb_column][et_pb_column type=&#8220;1_5&#8243; _builder_version=&#8220;4.27.4&#8243; _dynamic_attributes=&#8220;link_option_url&#8220; _module_preset=&#8220;default&#8220; link_option_url=&#8220;@ET-DC@eyJkeW5hbWljIjp0cnVlLCJjb250ZW50IjoicG9zdF9saW5rX3VybF9wYWdlIiwic2V0dGluZ3MiOnsicG9zdF9pZCI6IjE3MSJ9fQ==@&#8220; hover_enabled=&#8220;0&#8243; global_colors_info=&#8220;{}&#8220; sticky_enabled=&#8220;0&#8243;][et_pb_image src=&#8220;https:\/\/wehrgmbh.de\/wp-content\/uploads\/2024\/02\/image_navi_120px-2024-fuhrpark-b.jpg&#8220; title_text=&#8220;image_navi_120px-2024-fuhrpark-a&#8220; src_last_edited=&#8220;off|desktop&#8220; _builder_version=&#8220;4.24.0&#8243; _module_preset=&#8220;535bc379-d7af-4000-a048-5b0deb0f695d&#8220; global_colors_info=&#8220;{}&#8220; src__hover_enabled=&#8220;on|hover&#8220; src__hover=&#8220;https:\/\/wehrgmbh.de\/wp-content\/uploads\/2024\/02\/image_navi_120px-2024-fuhrpark-a.jpg&#8220;][\/et_pb_image][et_pb_text _builder_version=&#8220;4.24.0&#8243; _module_preset=&#8220;01757406-c1d7-4578-aae3-89572954e97a&#8220; global_colors_info=&#8220;{}&#8220;]<\/p>\n<p>\u00dcber uns<\/p>\n<p>[\/et_pb_text][\/et_pb_column][\/et_pb_row][et_pb_row column_structure=&#8220;1_3,1_3,1_3&#8243; disabled_on=&#8220;off|off|on&#8220; module_class=&#8220;kreis-nav-klein&#8220; _builder_version=&#8220;4.27.4&#8243; _module_preset=&#8220;default&#8220; custom_margin=&#8220;10px||||false|false&#8220; hover_enabled=&#8220;0&#8243; global_colors_info=&#8220;{}&#8220; sticky_enabled=&#8220;0&#8243; module_alignment=&#8220;center&#8220;][et_pb_column type=&#8220;1_3&#8243; module_id=&#8220;spalte1&#8243; _builder_version=&#8220;4.27.4&#8243; _module_preset=&#8220;default&#8220; link_option_url=&#8220;#nutzvieh&#8220; hover_enabled=&#8220;0&#8243; global_colors_info=&#8220;{}&#8220; sticky_enabled=&#8220;0&#8243;][et_pb_image src=&#8220;https:\/\/wehrgmbh.de\/wp-content\/uploads\/2024\/02\/image_navi_120px-2024-nutzvieh-b.jpg&#8220; title_text=&#8220;image_navi_120px-2024-nutzvieh-a&#8220; _builder_version=&#8220;4.24.0&#8243; _module_preset=&#8220;054e8551-e1c7-43f6-8d79-697ec81ec3f8&#8243; hover_enabled=&#8220;0&#8243; global_colors_info=&#8220;{}&#8220; src__hover_enabled=&#8220;on|hover&#8220; src__hover=&#8220;https:\/\/wehrgmbh.de\/wp-content\/uploads\/2024\/02\/image_navi_120px-2024-nutzvieh-a.jpg&#8220; sticky_enabled=&#8220;0&#8243;][\/et_pb_image][et_pb_text _builder_version=&#8220;4.24.0&#8243; _module_preset=&#8220;63ec291e-b3e2-4cde-9248-147ec1f0857f&#8220; global_colors_info=&#8220;{}&#8220;]<\/p>\n<p>Nutz- und Zuchtvieh<\/p>\n<p>[\/et_pb_text][\/et_pb_column][et_pb_column type=&#8220;1_3&#8243; module_id=&#8220;spalte2&#8243; _builder_version=&#8220;4.24.0&#8243; _module_preset=&#8220;default&#8220; link_option_url=&#8220;#schlachtvieh&#8220; global_colors_info=&#8220;{}&#8220;][et_pb_image src=&#8220;https:\/\/wehrgmbh.de\/wp-content\/uploads\/2024\/02\/image_navi_120px-2024-m3b.jpg&#8220; title_text=&#8220;image_navi_120px-2024-m3a&#8220; url=&#8220;https:\/\/wehrgmbh.de\/#schlachtvieh&#8220; _builder_version=&#8220;4.24.0&#8243; _module_preset=&#8220;054e8551-e1c7-43f6-8d79-697ec81ec3f8&#8243; global_colors_info=&#8220;{}&#8220; src__hover_enabled=&#8220;on|hover&#8220; src__hover=&#8220;https:\/\/wehrgmbh.de\/wp-content\/uploads\/2024\/02\/image_navi_120px-2024-m3a.jpg&#8220;][\/et_pb_image][et_pb_text _builder_version=&#8220;4.24.0&#8243; _module_preset=&#8220;63ec291e-b3e2-4cde-9248-147ec1f0857f&#8220; global_colors_info=&#8220;{}&#8220;]<\/p>\n<p>Schlachtvieh<\/p>\n<p>[\/et_pb_text][\/et_pb_column][et_pb_column type=&#8220;1_3&#8243; module_id=&#8220;spalte3&#8243; _builder_version=&#8220;4.24.0&#8243; _module_preset=&#8220;default&#8220; link_option_url=&#8220;#angebote&#8220; hover_enabled=&#8220;0&#8243; global_colors_info=&#8220;{}&#8220; sticky_enabled=&#8220;0&#8243;][et_pb_image src=&#8220;https:\/\/wehrgmbh.de\/wp-content\/uploads\/2024\/02\/image_navi_120px-2024-m1b.jpg&#8220; title_text=&#8220;image_navi_120px-2024-m1a&#8220; _builder_version=&#8220;4.24.0&#8243; _module_preset=&#8220;054e8551-e1c7-43f6-8d79-697ec81ec3f8&#8243; global_colors_info=&#8220;{}&#8220; src__hover_enabled=&#8220;on|hover&#8220; src__hover=&#8220;https:\/\/wehrgmbh.de\/wp-content\/uploads\/2024\/02\/image_navi_120px-2024-m1a.jpg&#8220;][\/et_pb_image][et_pb_text _builder_version=&#8220;4.24.0&#8243; _module_preset=&#8220;63ec291e-b3e2-4cde-9248-147ec1f0857f&#8220; global_colors_info=&#8220;{}&#8220;]<\/p>\n<p>Angebote<\/p>\n<p>[\/et_pb_text][\/et_pb_column][\/et_pb_row][et_pb_row column_structure=&#8220;1_2,1_2&#8243; disabled_on=&#8220;off|off|on&#8220; module_class=&#8220;kreis-nav-klein&#8220; _builder_version=&#8220;4.27.4&#8243; _module_preset=&#8220;default&#8220; custom_padding=&#8220;0px||||false|false&#8220; hover_enabled=&#8220;0&#8243; global_colors_info=&#8220;{}&#8220; sticky_enabled=&#8220;0&#8243; module_alignment=&#8220;center&#8220;][et_pb_column type=&#8220;1_2&#8243; module_id=&#8220;spalte4&#8243; _builder_version=&#8220;4.27.4&#8243; _module_preset=&#8220;default&#8220; link_option_url=&#8220;#aktuelles&#8220; hover_enabled=&#8220;0&#8243; global_colors_info=&#8220;{}&#8220; sticky_enabled=&#8220;0&#8243;][et_pb_image src=&#8220;https:\/\/wehrgmbh.de\/wp-content\/uploads\/2024\/02\/image_navi_120px-2024-aktuell-b.jpg&#8220; title_text=&#8220;image_navi_120px-2024-aktuell-a&#8220; _builder_version=&#8220;4.24.0&#8243; _module_preset=&#8220;054e8551-e1c7-43f6-8d79-697ec81ec3f8&#8243; hover_enabled=&#8220;0&#8243; global_colors_info=&#8220;{}&#8220; src__hover_enabled=&#8220;on|hover&#8220; src__hover=&#8220;https:\/\/wehrgmbh.de\/wp-content\/uploads\/2024\/02\/image_navi_120px-2024-aktuell-a.jpg&#8220; sticky_enabled=&#8220;0&#8243;][\/et_pb_image][et_pb_text _builder_version=&#8220;4.24.0&#8243; _module_preset=&#8220;63ec291e-b3e2-4cde-9248-147ec1f0857f&#8220; global_colors_info=&#8220;{}&#8220;]<\/p>\n<p>Aktuelles<\/p>\n<p>[\/et_pb_text][\/et_pb_column][et_pb_column type=&#8220;1_2&#8243; module_id=&#8220;spalte5&#8243; _builder_version=&#8220;4.27.4&#8243; _module_preset=&#8220;default&#8220; link_option_url=&#8220;@ET-DC@eyJkeW5hbWljIjp0cnVlLCJjb250ZW50IjoicG9zdF9saW5rX3VybF9wYWdlIiwic2V0dGluZ3MiOnsicG9zdF9pZCI6IjE3MSJ9fQ==@&#8220; hover_enabled=&#8220;0&#8243; global_colors_info=&#8220;{}&#8220; _dynamic_attributes=&#8220;link_option_url&#8220; sticky_enabled=&#8220;0&#8243;][et_pb_image src=&#8220;https:\/\/wehrgmbh.de\/wp-content\/uploads\/2024\/02\/image_navi_120px-2024-fuhrpark-b.jpg&#8220; title_text=&#8220;image_navi_120px-2024-fuhrpark-a&#8220; src_last_edited=&#8220;off|desktop&#8220; _builder_version=&#8220;4.24.0&#8243; _module_preset=&#8220;054e8551-e1c7-43f6-8d79-697ec81ec3f8&#8243; global_colors_info=&#8220;{}&#8220; src__hover_enabled=&#8220;on|hover&#8220; src__hover=&#8220;https:\/\/wehrgmbh.de\/wp-content\/uploads\/2024\/02\/image_navi_120px-2024-fuhrpark-a.jpg&#8220;][\/et_pb_image][et_pb_text _builder_version=&#8220;4.24.0&#8243; _module_preset=&#8220;63ec291e-b3e2-4cde-9248-147ec1f0857f&#8220; global_colors_info=&#8220;{}&#8220;]<\/p>\n<p>\u00dcber uns<\/p>\n<p>[\/et_pb_text][\/et_pb_column][\/et_pb_row][\/et_pb_section][et_pb_section fb_built=&#8220;1&#8243; _builder_version=&#8220;4.24.0&#8243; _module_preset=&#8220;default&#8220; background_color=&#8220;RGBA(255,255,255,0)&#8220; custom_padding=&#8220;0px||0px||false|false&#8220; global_colors_info=&#8220;{}&#8220;][et_pb_row _builder_version=&#8220;4.24.0&#8243; _module_preset=&#8220;default&#8220; background_color=&#8220;#a56600&#8243; border_radii=&#8220;off|16px|16px||&#8220; global_colors_info=&#8220;{}&#8220;][et_pb_column type=&#8220;4_4&#8243; _builder_version=&#8220;4.24.0&#8243; _module_preset=&#8220;default&#8220; global_colors_info=&#8220;{}&#8220;][et_pb_text _builder_version=&#8220;4.24.0&#8243; _module_preset=&#8220;default&#8220; header_3_text_color=&#8220;#FFFFFF&#8220; header_3_font_size=&#8220;26px&#8220; header_3_line_height=&#8220;1.4em&#8220; background_color=&#8220;RGBA(255,255,255,0)&#8220; custom_padding=&#8220;17px||9px||false|false&#8220; custom_padding_tablet=&#8220;17px||9px||false|false&#8220; custom_padding_phone=&#8220;17px||9px||false|false&#8220; custom_padding_last_edited=&#8220;on|desktop&#8220; header_3_font_size_tablet=&#8220;18px&#8220; header_3_font_size_phone=&#8220;18px&#8220; header_3_font_size_last_edited=&#8220;on|phone&#8220; border_radii=&#8220;on|14px|14px|14px|14px&#8220; global_colors_info=&#8220;{}&#8220;]<\/p>\n<h3 style=\"text-align: center;\">Deutschlandweiter An- und Verkauf, sowie Transport von lebendem Vieh.<\/h3>\n<p>[\/et_pb_text][\/et_pb_column][\/et_pb_row][\/et_pb_section][et_pb_section fb_built=&#8220;1&#8243; _builder_version=&#8220;4.24.0&#8243; _module_preset=&#8220;default&#8220; background_color=&#8220;#d8d8d8&#8243; custom_padding=&#8220;0px||10px||false|false&#8220; animation_style=&#8220;fold&#8220; animation_direction=&#8220;top&#8220; global_colors_info=&#8220;{}&#8220;][et_pb_row module_id=&#8220;nutzvieh&#8220; _builder_version=&#8220;4.24.0&#8243; _module_preset=&#8220;default&#8220; background_image=&#8220;https:\/\/wehrgmbh.de\/wp-content\/uploads\/2024\/02\/image_header_m2.jpg&#8220; global_colors_info=&#8220;{}&#8220;][et_pb_column type=&#8220;4_4&#8243; _builder_version=&#8220;4.24.0&#8243; _module_preset=&#8220;default&#8220; global_colors_info=&#8220;{}&#8220;][et_pb_text _builder_version=&#8220;4.24.0&#8243; _module_preset=&#8220;939e14b0-d9f0-45f7-9c44-b42b0fd0f2f6&#8243; global_colors_info=&#8220;{}&#8220;]<\/p>\n<h1>Wir transportieren ihr<\/h1>\n<h1>Nutz- und Zuchtvieh.<\/h1>\n<p>[\/et_pb_text][\/et_pb_column][\/et_pb_row][et_pb_row column_structure=&#8220;1_2,1_2&#8243; _builder_version=&#8220;4.24.0&#8243; _module_preset=&#8220;default&#8220; global_colors_info=&#8220;{}&#8220;][et_pb_column type=&#8220;1_2&#8243; _builder_version=&#8220;4.24.0&#8243; _module_preset=&#8220;default&#8220; global_colors_info=&#8220;{}&#8220;][et_pb_image src=&#8220;https:\/\/wehrgmbh.de\/wp-content\/uploads\/2024\/02\/wehr-nutzvieh-600x350px.jpg&#8220; title_text=&#8220;wehr-nutzvieh-600x350px&#8220; align=&#8220;center&#8220; align_tablet=&#8220;center&#8220; align_phone=&#8220;center&#8220; align_last_edited=&#8220;on|tablet&#8220; _builder_version=&#8220;4.24.0&#8243; _module_preset=&#8220;default&#8220; global_colors_info=&#8220;{}&#8220;][\/et_pb_image][\/et_pb_column][et_pb_column type=&#8220;1_2&#8243; _builder_version=&#8220;4.24.0&#8243; _module_preset=&#8220;default&#8220; global_colors_info=&#8220;{}&#8220;][et_pb_text _builder_version=&#8220;4.24.0&#8243; _module_preset=&#8220;62d34c7d-898d-4ba5-b959-9f6f03e3b9f0&#8243; global_colors_info=&#8220;{}&#8220;]<\/p>\n<p>Wir sind zuverl\u00e4ssiger Partner f\u00fcr den Handel mit:<\/p>\n<ul>\n<li>K\u00e4lbern<\/li>\n<li>Fressern<\/li>\n<li>Jungrindern<\/li>\n<li>tragenden F\u00e4rsen<\/li>\n<li>frisch abgekalbten K\u00fchen<\/li>\n<li>Kuhbest\u00e4nde.<\/li>\n<\/ul>\n<p>Mit unseren zuverl\u00e4ssigen Partnern k\u00f6nnen wir Deckbullen anbieten, sowie die M\u00f6glichkeit zur Aufzucht von Jungrindern.<\/p>\n<p><strong>Wir transportieren artgerecht.<\/strong><\/p>\n<p>[\/et_pb_text][\/et_pb_column][\/et_pb_row][\/et_pb_section][et_pb_section fb_built=&#8220;1&#8243; _builder_version=&#8220;4.24.0&#8243; _module_preset=&#8220;default&#8220; custom_padding=&#8220;0px||10px||false|false&#8220; animation_style=&#8220;fold&#8220; animation_direction=&#8220;top&#8220; animation_delay=&#8220;500ms&#8220; global_colors_info=&#8220;{}&#8220;][et_pb_row module_id=&#8220;schlachtvieh&#8220; _builder_version=&#8220;4.27.2&#8243; _module_preset=&#8220;default&#8220; background_image=&#8220;https:\/\/wehrgmbh.de\/wp-content\/uploads\/2024\/02\/image_header_m9-1.jpg&#8220; global_colors_info=&#8220;{}&#8220;][et_pb_column type=&#8220;4_4&#8243; _builder_version=&#8220;4.24.0&#8243; _module_preset=&#8220;default&#8220; global_colors_info=&#8220;{}&#8220;][et_pb_text _builder_version=&#8220;4.24.0&#8243; _module_preset=&#8220;939e14b0-d9f0-45f7-9c44-b42b0fd0f2f6&#8243; global_colors_info=&#8220;{}&#8220;]<\/p>\n<h1>Wir transportieren ihr<\/h1>\n<h1>Schlachtvieh.<\/h1>\n<p>[\/et_pb_text][\/et_pb_column][\/et_pb_row][et_pb_row column_structure=&#8220;1_2,1_2&#8243; _builder_version=&#8220;4.24.0&#8243; _module_preset=&#8220;default&#8220; global_colors_info=&#8220;{}&#8220;][et_pb_column type=&#8220;1_2&#8243; _builder_version=&#8220;4.24.0&#8243; _module_preset=&#8220;default&#8220; global_colors_info=&#8220;{}&#8220;][et_pb_image src=&#8220;https:\/\/wehrgmbh.de\/wp-content\/uploads\/2024\/02\/wehr-schlachtvieh-600x350px.jpg&#8220; title_text=&#8220;wehr-schlachtvieh-600x350px&#8220; align=&#8220;center&#8220; _builder_version=&#8220;4.24.0&#8243; _module_preset=&#8220;default&#8220; global_colors_info=&#8220;{}&#8220;][\/et_pb_image][\/et_pb_column][et_pb_column type=&#8220;1_2&#8243; _builder_version=&#8220;4.24.0&#8243; _module_preset=&#8220;default&#8220; global_colors_info=&#8220;{}&#8220;][\/et_pb_column][\/et_pb_row][\/et_pb_section][et_pb_section fb_built=&#8220;1&#8243; _builder_version=&#8220;4.24.0&#8243; _module_preset=&#8220;default&#8220; background_color=&#8220;#d8d8d8&#8243; custom_padding=&#8220;0px||10px||false|false&#8220; animation_style=&#8220;fold&#8220; animation_direction=&#8220;top&#8220; animation_delay=&#8220;500ms&#8220; global_colors_info=&#8220;{}&#8220;][et_pb_row module_id=&#8220;angebote&#8220; _builder_version=&#8220;4.24.0&#8243; _module_preset=&#8220;default&#8220; background_image=&#8220;https:\/\/wehrgmbh.de\/wp-content\/uploads\/2024\/02\/image_header_m6.jpg&#8220; global_colors_info=&#8220;{}&#8220;][et_pb_column type=&#8220;4_4&#8243; _builder_version=&#8220;4.24.0&#8243; _module_preset=&#8220;default&#8220; global_colors_info=&#8220;{}&#8220;][et_pb_text _builder_version=&#8220;4.24.0&#8243; _module_preset=&#8220;939e14b0-d9f0-45f7-9c44-b42b0fd0f2f6&#8243; global_colors_info=&#8220;{}&#8220;]<\/p>\n<h1>Unsere aktuellen<\/h1>\n<h1>Angebote<\/h1>\n<p>[\/et_pb_text][\/et_pb_column][\/et_pb_row][et_pb_row column_structure=&#8220;1_2,1_2&#8243; _builder_version=&#8220;4.24.0&#8243; _module_preset=&#8220;default&#8220; global_colors_info=&#8220;{}&#8220;][et_pb_column type=&#8220;1_2&#8243; _builder_version=&#8220;4.24.0&#8243; _module_preset=&#8220;default&#8220; global_colors_info=&#8220;{}&#8220;][et_pb_image src=&#8220;https:\/\/wehrgmbh.de\/wp-content\/uploads\/2024\/02\/wehr-angebote-600x350px.jpg&#8220; title_text=&#8220;wehr-angebote-600x350px&#8220; align=&#8220;center&#8220; _builder_version=&#8220;4.24.0&#8243; _module_preset=&#8220;default&#8220; global_colors_info=&#8220;{}&#8220;][\/et_pb_image][\/et_pb_column][et_pb_column type=&#8220;1_2&#8243; _builder_version=&#8220;4.24.0&#8243; _module_preset=&#8220;default&#8220; global_colors_info=&#8220;{}&#8220;][\/et_pb_column][\/et_pb_row][\/et_pb_section][et_pb_section fb_built=&#8220;1&#8243; _builder_version=&#8220;4.24.0&#8243; _module_preset=&#8220;default&#8220; background_color=&#8220;RGBA(255,255,255,0)&#8220; custom_padding=&#8220;0px||10px||false|false&#8220; animation_style=&#8220;fold&#8220; animation_direction=&#8220;top&#8220; animation_delay=&#8220;500ms&#8220; global_colors_info=&#8220;{}&#8220;][et_pb_row module_id=&#8220;aktuelles&#8220; _builder_version=&#8220;4.27.2&#8243; _module_preset=&#8220;default&#8220; background_image=&#8220;https:\/\/wehrgmbh.de\/wp-content\/uploads\/2024\/02\/image_header_m8.jpg&#8220; global_colors_info=&#8220;{}&#8220;][et_pb_column type=&#8220;4_4&#8243; _builder_version=&#8220;4.24.0&#8243; _module_preset=&#8220;default&#8220; global_colors_info=&#8220;{}&#8220;][et_pb_text _builder_version=&#8220;4.24.0&#8243; _module_preset=&#8220;939e14b0-d9f0-45f7-9c44-b42b0fd0f2f6&#8243; global_colors_info=&#8220;{}&#8220;]<\/p>\n<h1>Aktuelles aus<\/h1>\n<h1>unserem Unternehmen.<\/h1>\n<p>[\/et_pb_text][\/et_pb_column][\/et_pb_row][et_pb_row column_structure=&#8220;1_2,1_2&#8243; _builder_version=&#8220;4.24.0&#8243; _module_preset=&#8220;default&#8220; global_colors_info=&#8220;{}&#8220;][et_pb_column type=&#8220;1_2&#8243; _builder_version=&#8220;4.24.0&#8243; _module_preset=&#8220;default&#8220; global_colors_info=&#8220;{}&#8220;][et_pb_image src=&#8220;https:\/\/wehrgmbh.de\/wp-content\/uploads\/2024\/02\/wehr-bilder-600x350px_lkw.jpg&#8220; title_text=&#8220;wehr-bilder-600x350px_lkw&#8220; align=&#8220;center&#8220; _builder_version=&#8220;4.24.0&#8243; _module_preset=&#8220;default&#8220; global_colors_info=&#8220;{}&#8220;][\/et_pb_image][\/et_pb_column][et_pb_column type=&#8220;1_2&#8243; _builder_version=&#8220;4.24.0&#8243; _module_preset=&#8220;default&#8220; global_colors_info=&#8220;{}&#8220;][et_pb_text _builder_version=&#8220;4.24.0&#8243; _module_preset=&#8220;default&#8220; global_colors_info=&#8220;{}&#8220;]<\/p>\n<h3>Betriebsst\u00e4tte in Klieken mit Handelsstall<\/h3>\n<p>Your content goes here. Edit or remove this text inline or in the module Content settings. You can also style every aspect of this content in the module Design settings and even apply custom CSS to this text in the module Advanced settings.<\/p>\n<p>[\/et_pb_text][\/et_pb_column][\/et_pb_row][\/et_pb_section][et_pb_section fb_built=&#8220;1&#8243; _builder_version=&#8220;4.24.0&#8243; _module_preset=&#8220;default&#8220; custom_padding=&#8220;0px||||false|false&#8220; global_colors_info=&#8220;{}&#8220;][et_pb_row _builder_version=&#8220;4.24.0&#8243; _module_preset=&#8220;default&#8220; animation_style=&#8220;zoom&#8220; animation_duration=&#8220;1200ms&#8220; animation_delay=&#8220;300ms&#8220; global_colors_info=&#8220;{}&#8220;][et_pb_column type=&#8220;4_4&#8243; _builder_version=&#8220;4.24.0&#8243; _module_preset=&#8220;default&#8220; global_colors_info=&#8220;{}&#8220;][et_pb_cta title=&#8220;Kontaktieren Sie uns!&#8220; button_text=&#8220;Klicks&#8220; _builder_version=&#8220;4.24.0&#8243; _module_preset=&#8220;default&#8220; body_font_size=&#8220;16px&#8220; background_color=&#8220;gcid-a2310c91-fedf-42f6-95eb-0696ac2eff38&#8243; custom_padding=&#8220;||14px||false|false&#8220; body_font_size_tablet=&#8220;14px&#8220; body_font_size_phone=&#8220;14px&#8220; body_font_size_last_edited=&#8220;on|phone&#8220; border_radii=&#8220;on|26px|26px|26px|26px&#8220; global_colors_info=&#8220;{%22gcid-a2310c91-fedf-42f6-95eb-0696ac2eff38%22:%91%22background_color%22%93}&#8220;]<\/p>\n<h3>Tel. +49 (0)151 414 313 12<\/h3>\n<p>oder schicken Sie eine E-Mail an<\/p>\n<h3><a href=\"mailto:info@wehrgmbh.de\">info@wehrgmbh.de<\/a><\/h3>\n<p>Wir melden uns!<\/p>\n<p>[\/et_pb_cta][\/et_pb_column][\/et_pb_row][\/et_pb_section]<\/p>\n","protected":false},"excerpt":{"rendered":"<p>Wir transportieren ihr Vieh. Zuverl\u00e4ssig und artgerecht.Nutz- und ZuchtviehSchlachtviehAngeboteAktuelles\u00dcber unsNutz- und ZuchtviehSchlachtviehAngeboteAktuelles\u00dcber unsDeutschlandweiter An- und Verkauf, sowie Transport von lebendem Vieh.Wir transportieren ihr Nutz- und Zuchtvieh.Wir sind zuverl\u00e4ssiger Partner f\u00fcr den Handel mit: K\u00e4lbern Fressern Jungrindern tragenden F\u00e4rsen frisch abgekalbten K\u00fchen Kuhbest\u00e4nde. Mit unseren zuverl\u00e4ssigen Partnern k\u00f6nnen wir Deckbullen anbieten, sowie die M\u00f6glichkeit zur Aufzucht [&hellip;]<\/p>\n","protected":false},"author":2,"featured_media":0,"parent":0,"menu_order":0,"comment_status":"closed","ping_status":"closed","template":"","meta":{"_et_pb_use_builder":"on","_et_pb_old_content":"","_et_gb_content_width":"","footnotes":""},"class_list":["post-17","page","type-page","status-publish","hentry"],"_links":{"self":[{"href":"https:\/\/wehrgmbh.de\/index.php?rest_route=\/wp\/v2\/pages\/17","targetHints":{"allow":["GET"]}}],"collection":[{"href":"https:\/\/wehrgmbh.de\/index.php?rest_route=\/wp\/v2\/pages"}],"about":[{"href":"https:\/\/wehrgmbh.de\/index.php?rest_route=\/wp\/v2\/types\/page"}],"author":[{"embeddable":true,"href":"https:\/\/wehrgmbh.de\/index.php?rest_route=\/wp\/v2\/users\/2"}],"replies":[{"embeddable":true,"href":"https:\/\/wehrgmbh.de\/index.php?rest_route=%2Fwp%2Fv2%2Fcomments&post=17"}],"version-history":[{"count":95,"href":"https:\/\/wehrgmbh.de\/index.php?rest_route=\/wp\/v2\/pages\/17\/revisions"}],"predecessor-version":[{"id":394,"href":"https:\/\/wehrgmbh.de\/index.php?rest_route=\/wp\/v2\/pages\/17\/revisions\/394"}],"wp:attachment":[{"href":"https:\/\/wehrgmbh.de\/index.php?rest_route=%2Fwp%2Fv2%2Fmedia&parent=17"}],"curies":[{"name":"wp","href":"https:\/\/api.w.org\/{rel}","templated":true}]}}